{"id":12,"date":"2021-06-11T21:33:53","date_gmt":"2021-06-11T19:33:53","guid":{"rendered":"https:\/\/klaus-hinrich-singer.de\/?page_id=12"},"modified":"2021-06-12T20:40:02","modified_gmt":"2021-06-12T18:40:02","slug":"ueber-mich","status":"publish","type":"page","link":"https:\/\/klaus-hinrich-singer.de\/?page_id=12","title":{"rendered":"\u00dcber mich"},"content":{"rendered":"\n<h2 class=\"wp-block-heading\">Mein Motto<\/h2>\n\n\n\n<h1 class=\"wp-block-heading\"><em>SAGEN, was man denkt. <\/em><\/h1>\n\n\n\n<h1 class=\"wp-block-heading\"><em>MACHEN, was man sagt!<\/em><\/h1>\n\n\n\n<h2 class=\"wp-block-heading\">Kurzbiografie<\/h2>\n\n\n\n<ul class=\"wp-block-list\"><li>Geboren 1968<\/li><li>Grundschule Steinhorst<\/li><li>Gymnasium Hankensb\u00fcttel, 1987 Abitur<\/li><li>Lehre zum Landwirt in Uelzen und Hannover<\/li><li>Zivildienst in Celle<\/li><li>Abschluss zum staatlich gepr\u00fcften Landwirtschaftsleiter; Thaer-Seminar<\/li><li>seit 1995 selbst\u00e4ndig<\/li><li>seit 2016 B\u00fcrgermeister der Gemeinde Steinhorst<\/li><\/ul>\n\n\n\n<h2 class=\"wp-block-heading\">Mit Herzblut<\/h2>\n\n\n\n<p>bin ich zwar Landwirt, mit ebenso gro\u00dfem Enthusiasmus aber auch B\u00fcrgermeister. Es ist mir ein Herzensanliegen, gleiche Lebensverh\u00e4ltnisse f\u00fcr den l\u00e4ndlichen Raum einzufordern und umzusetzen. Dabei sind eine klare Haltung und Durchsetzungsverm\u00f6gen, ohne einen Scherbenhaufen zu hinterlassen, erforderlich.<\/p>\n\n\n\n<p>Dieses praktiziere ich seit 20 Jahren als Ratsmitglied, davon seit 5 Jahren als B\u00fcrgermeister, und seit \u00fcber 15 Jahren als Mitglied des Aufsichtsrates der \u00f6rtlichen Volksbank. Auch als Elternratsvorsitzender war ich vier Jahre lang t\u00e4tig, kenne also die Bed\u00fcrfnisse der Schulen von allen Seiten.<\/p>\n\n\n\n<h2 class=\"wp-block-heading\">Mit meiner Familie<\/h2>\n\n\n\n<p>wohne ich in R\u00e4derloh, bin als Gesch\u00e4ftsf\u00fchrer eines landwirtschaftlichen Betriebes t\u00e4tig. Seit 1997 sind Martina und ich verheiratet, unsere Tochter Louisa ist 23 Jahre alt und studiert Tiermedizin im 8. Semester, unser Sohn Tristan ist 18 Jahre alt und lernt Bau- und Landmaschinenmechatroniker demn\u00e4chst im 3. Lehrjahr.<\/p>\n\n\n\n<figure class=\"wp-block-image size-large\"><img loading=\"lazy\" decoding=\"async\" width=\"1024\" height=\"436\" src=\"https:\/\/klaus-hinrich-singer.de\/wp-content\/uploads\/2021\/06\/Familie-1024x436.jpg\" alt=\"\" class=\"wp-image-31\" srcset=\"https:\/\/klaus-hinrich-singer.de\/wp-content\/uploads\/2021\/06\/Familie-1024x436.jpg 1024w, https:\/\/klaus-hinrich-singer.de\/wp-content\/uploads\/2021\/06\/Familie-300x128.jpg 300w, https:\/\/klaus-hinrich-singer.de\/wp-content\/uploads\/2021\/06\/Familie-768x327.jpg 768w, https:\/\/klaus-hinrich-singer.de\/wp-content\/uploads\/2021\/06\/Familie-1536x653.jpg 1536w, https:\/\/klaus-hinrich-singer.de\/wp-content\/uploads\/2021\/06\/Familie-2048x871.jpg 2048w\" sizes=\"auto, (max-width: 1024px) 100vw, 1024px\" \/><\/figure>\n\n\n\n<p><\/p>\n","protected":false},"excerpt":{"rendered":"<p>Mein Motto SAGEN, was man denkt. MACHEN, was man sagt! Kurzbiografie Geboren 1968 Grundschule Steinhorst Gymnasium Hankensb\u00fcttel, 1987 Abitur Lehre zum Landwirt in Uelzen und Hannover Zivildienst in Celle Abschluss zum staatlich gepr\u00fcften Landwirtschaftsleiter; Thaer-Seminar seit 1995 selbst\u00e4ndig seit 2016 B\u00fcrgermeister der Gemeinde Steinhorst Mit Herzblut bin ich zwar Landwirt, mit ebenso gro\u00dfem Enthusiasmus aber [&hellip;]<\/p>\n","protected":false},"author":3,"featured_media":0,"parent":0,"menu_order":0,"comment_status":"closed","ping_status":"closed","template":"","meta":{"footnotes":""},"categories":[],"class_list":["post-12","page","type-page","status-publish","hentry"],"_links":{"self":[{"href":"https:\/\/klaus-hinrich-singer.de\/index.php?rest_route=\/wp\/v2\/pages\/12","targetHints":{"allow":["GET"]}}],"collection":[{"href":"https:\/\/klaus-hinrich-singer.de\/index.php?rest_route=\/wp\/v2\/pages"}],"about":[{"href":"https:\/\/klaus-hinrich-singer.de\/index.php?rest_route=\/wp\/v2\/types\/page"}],"author":[{"embeddable":true,"href":"https:\/\/klaus-hinrich-singer.de\/index.php?rest_route=\/wp\/v2\/users\/3"}],"replies":[{"embeddable":true,"href":"https:\/\/klaus-hinrich-singer.de\/index.php?rest_route=%2Fwp%2Fv2%2Fcomments&post=12"}],"version-history":[{"count":6,"href":"https:\/\/klaus-hinrich-singer.de\/index.php?rest_route=\/wp\/v2\/pages\/12\/revisions"}],"predecessor-version":[{"id":100,"href":"https:\/\/klaus-hinrich-singer.de\/index.php?rest_route=\/wp\/v2\/pages\/12\/revisions\/100"}],"wp:attachment":[{"href":"https:\/\/klaus-hinrich-singer.de\/index.php?rest_route=%2Fwp%2Fv2%2Fmedia&parent=12"}],"wp:term":[{"taxonomy":"category","embeddable":true,"href":"https:\/\/klaus-hinrich-singer.de\/index.php?rest_route=%2Fwp%2Fv2%2Fcategories&post=12"}],"curies":[{"name":"wp","href":"https:\/\/api.w.org\/{rel}","templated":true}]}}