{"id":130,"date":"2021-06-17T00:53:03","date_gmt":"2021-06-16T22:53:03","guid":{"rendered":"https:\/\/klaus-hinrich-singer.de\/?page_id=130"},"modified":"2021-06-17T01:15:28","modified_gmt":"2021-06-16T23:15:28","slug":"impressum","status":"publish","type":"page","link":"https:\/\/klaus-hinrich-singer.de\/?page_id=130","title":{"rendered":"Impressum"},"content":{"rendered":"\n<h3 class=\"wp-block-heading\">Angaben gem\u00e4\u00df \u00a7 5 TMG<\/h3>\n\n\n\n<p>Klaus-Hinrich Singer<br>Lindenstra\u00dfe 8<br>29367 R\u00e4derloh<\/p>\n\n\n\n<h3 class=\"wp-block-heading\">Kontakt<\/h3>\n\n\n\n<p>Telefon: 0170 \u2013 9 16 28 19<br>Mail: <a href=\"mailto: team@klaus-hinrich-singer.de\">team@klaus-hinrich-singer.de<\/a><\/p>\n\n\n\n<h3 class=\"wp-block-heading\">Redaktionell verantwortlich<\/h3>\n\n\n\n<p>Klaus-Hinrich Singer<br>Lindenstra\u00dfe 8<br>29367 R\u00e4derloh<\/p>\n\n\n\n<h3 class=\"wp-block-heading\">Haftungshinweis<\/h3>\n\n\n\n<p>Im Rahmen unseres Dienstes werden auch Links zu Internetinhalten anderer Anbieter bereitgestellt. Auf den Inhalt dieser Seiten haben wir keinen Einfluss; f\u00fcr den Inhalt ist ausschlie\u00dflich der Betreiber der anderen Website verantwortlich. Trotz der \u00dcberpr\u00fcfung der Inhalte im gesetzlich gebotenen Rahmen m\u00fcssen wir daher jede Verantwortung f\u00fcr den Inhalt dieser Links bzw. der verlinkten Seite ablehnen.<\/p>\n","protected":false},"excerpt":{"rendered":"<p>Angaben gem\u00e4\u00df \u00a7 5 TMG Klaus-Hinrich SingerLindenstra\u00dfe 829367 R\u00e4derloh Kontakt Telefon: 0170 \u2013 9 16 28 19Mail: team@klaus-hinrich-singer.de Redaktionell verantwortlich Klaus-Hinrich SingerLindenstra\u00dfe 829367 R\u00e4derloh Haftungshinweis Im Rahmen unseres Dienstes werden auch Links zu Internetinhalten anderer Anbieter bereitgestellt. Auf den Inhalt dieser Seiten haben wir keinen Einfluss; f\u00fcr den Inhalt ist ausschlie\u00dflich der Betreiber der anderen [&hellip;]<\/p>\n","protected":false},"author":3,"featured_media":0,"parent":0,"menu_order":0,"comment_status":"closed","ping_status":"closed","template":"","meta":{"footnotes":""},"categories":[],"class_list":["post-130","page","type-page","status-publish","hentry"],"_links":{"self":[{"href":"https:\/\/klaus-hinrich-singer.de\/index.php?rest_route=\/wp\/v2\/pages\/130","targetHints":{"allow":["GET"]}}],"collection":[{"href":"https:\/\/klaus-hinrich-singer.de\/index.php?rest_route=\/wp\/v2\/pages"}],"about":[{"href":"https:\/\/klaus-hinrich-singer.de\/index.php?rest_route=\/wp\/v2\/types\/page"}],"author":[{"embeddable":true,"href":"https:\/\/klaus-hinrich-singer.de\/index.php?rest_route=\/wp\/v2\/users\/3"}],"replies":[{"embeddable":true,"href":"https:\/\/klaus-hinrich-singer.de\/index.php?rest_route=%2Fwp%2Fv2%2Fcomments&post=130"}],"version-history":[{"count":5,"href":"https:\/\/klaus-hinrich-singer.de\/index.php?rest_route=\/wp\/v2\/pages\/130\/revisions"}],"predecessor-version":[{"id":139,"href":"https:\/\/klaus-hinrich-singer.de\/index.php?rest_route=\/wp\/v2\/pages\/130\/revisions\/139"}],"wp:attachment":[{"href":"https:\/\/klaus-hinrich-singer.de\/index.php?rest_route=%2Fwp%2Fv2%2Fmedia&parent=130"}],"wp:term":[{"taxonomy":"category","embeddable":true,"href":"https:\/\/klaus-hinrich-singer.de\/index.php?rest_route=%2Fwp%2Fv2%2Fcategories&post=130"}],"curies":[{"name":"wp","href":"https:\/\/api.w.org\/{rel}","templated":true}]}}