{"id":57,"date":"2021-06-11T21:21:46","date_gmt":"2021-06-11T19:21:46","guid":{"rendered":"https:\/\/klaus-hinrich-singer.de\/?page_id=57"},"modified":"2021-06-12T20:54:00","modified_gmt":"2021-06-12T18:54:00","slug":"sehr-geehrte-buergerinnen-und-buerger-der-samtgemeinde-hankensbuettel","status":"publish","type":"page","link":"https:\/\/klaus-hinrich-singer.de\/","title":{"rendered":"Klaus-Hinrich Singer &#8211; B\u00fcrgermeister f\u00fcr die Samtgemeinde Hankensb\u00fcttel"},"content":{"rendered":"\n<h2 class=\"wp-block-heading\">Sehr geehrte B\u00fcrgerinnen und B\u00fcrger der Samtgemeinde Hankensb\u00fcttel,<\/h2>\n\n\n\n<p>mein Name ist Klaus-Hinrich Singer und ich m\u00f6chte am September zu Ihrem neuen Samtgemeindeb\u00fcrgermeister gew\u00e4hlt werden. Mir macht es schon seit jeher gro\u00dfen Spa\u00df, mich f\u00fcr meine Mitmenschen und f\u00fcr unser Umfeld einzusetzen. Momentan habe ich die Gelegenheit, dies als B\u00fcrgermeister der Gemeinde Steinhorst zu tun, in Zukunft w\u00fcrde ich gerne auch Ihre Belange vertreten.<\/p>\n\n\n\n<p>Erfahren Sie auf meiner Webseite weiteres zu meiner Person und meinen Zielen. Bei Fragen oder Anregungen erreichen Sie mich selbstverst\u00e4ndlich jederzeit telefonisch, via E-Mail oder von Gesicht zu Gesicht!<\/p>\n","protected":false},"excerpt":{"rendered":"<p>Sehr geehrte B\u00fcrgerinnen und B\u00fcrger der Samtgemeinde Hankensb\u00fcttel, mein Name ist Klaus-Hinrich Singer und ich m\u00f6chte am September zu Ihrem neuen Samtgemeindeb\u00fcrgermeister gew\u00e4hlt werden. Mir macht es schon seit jeher gro\u00dfen Spa\u00df, mich f\u00fcr meine Mitmenschen und f\u00fcr unser Umfeld einzusetzen. Momentan habe ich die Gelegenheit, dies als B\u00fcrgermeister der Gemeinde Steinhorst zu tun, in [&hellip;]<\/p>\n","protected":false},"author":3,"featured_media":34,"parent":0,"menu_order":0,"comment_status":"closed","ping_status":"closed","template":"","meta":{"footnotes":""},"categories":[],"class_list":["post-57","page","type-page","status-publish","has-post-thumbnail","hentry"],"_links":{"self":[{"href":"https:\/\/klaus-hinrich-singer.de\/index.php?rest_route=\/wp\/v2\/pages\/57","targetHints":{"allow":["GET"]}}],"collection":[{"href":"https:\/\/klaus-hinrich-singer.de\/index.php?rest_route=\/wp\/v2\/pages"}],"about":[{"href":"https:\/\/klaus-hinrich-singer.de\/index.php?rest_route=\/wp\/v2\/types\/page"}],"author":[{"embeddable":true,"href":"https:\/\/klaus-hinrich-singer.de\/index.php?rest_route=\/wp\/v2\/users\/3"}],"replies":[{"embeddable":true,"href":"https:\/\/klaus-hinrich-singer.de\/index.php?rest_route=%2Fwp%2Fv2%2Fcomments&post=57"}],"version-history":[{"count":14,"href":"https:\/\/klaus-hinrich-singer.de\/index.php?rest_route=\/wp\/v2\/pages\/57\/revisions"}],"predecessor-version":[{"id":126,"href":"https:\/\/klaus-hinrich-singer.de\/index.php?rest_route=\/wp\/v2\/pages\/57\/revisions\/126"}],"wp:featuredmedia":[{"embeddable":true,"href":"https:\/\/klaus-hinrich-singer.de\/index.php?rest_route=\/wp\/v2\/media\/34"}],"wp:attachment":[{"href":"https:\/\/klaus-hinrich-singer.de\/index.php?rest_route=%2Fwp%2Fv2%2Fmedia&parent=57"}],"wp:term":[{"taxonomy":"category","embeddable":true,"href":"https:\/\/klaus-hinrich-singer.de\/index.php?rest_route=%2Fwp%2Fv2%2Fcategories&post=57"}],"curies":[{"name":"wp","href":"https:\/\/api.w.org\/{rel}","templated":true}]}}