{"id":63,"date":"2021-06-11T21:37:47","date_gmt":"2021-06-11T19:37:47","guid":{"rendered":"https:\/\/klaus-hinrich-singer.de\/?page_id=63"},"modified":"2021-06-12T20:39:47","modified_gmt":"2021-06-12T18:39:47","slug":"meine-ziele","status":"publish","type":"page","link":"https:\/\/klaus-hinrich-singer.de\/?page_id=63","title":{"rendered":"Meine Ziele"},"content":{"rendered":"\n<h2 class=\"wp-block-heading\">Der Posten des Samtgemeindeb\u00fcrgermeisters<\/h2>\n\n\n\n<p>ist eine sehr herausfordernde Aufgabe, gesucht wird kein reiner Verwaltungsmitarbeiter. Man ist Chef der Verwaltung mit dem Hauptaugenmerk auf Mitarbeiterf\u00fchrung.<\/p>\n\n\n\n<p>Loyalit\u00e4t und wertsch\u00e4tzender Umgang mit Mitarbeitern und B\u00fcrgern ist dabei die Basis von allem. Daneben ist man aber auch Repr\u00e4sentant der Samtgemeinde und muss den Rat und die Bev\u00f6lkerung mitnehmen. Auch dieser Teil geh\u00f6rt zum Aufgabenbereich und darf nicht untersch\u00e4tzt werden.<\/p>\n\n\n\n<p>Meinen Aufgaben werde ich selbstverst\u00e4ndlich \u00fcberparteilich nachkommen. Eine gute Idee ist eine gute, v\u00f6llig unabh\u00e4ngig, vom wem sie kommt.<\/p>\n\n\n\n<hr class=\"wp-block-separator\"\/>\n\n\n\n<h2 class=\"wp-block-heading\">\u00c4nderungen einfordern<\/h2>\n\n\n\n<p>Mit den Absurdit\u00e4ten deutscher Verwaltungen habe ich nahezu t\u00e4glich zu tun und werde nicht m\u00fcde, diese zu benennen und \u00c4nderungen einzufordern. Wir neigen dazu, alles bis ins Kleinste zu regeln und dabei den gesunden Menschenverstand v\u00f6llig zu vernachl\u00e4ssigen.<br>So wird beispielsweise die Energiewende nicht gelingen, wenn das Verbandsklagerecht immer weiter ausgeweitet<br>wird. Und ob sich zu jeder Baugebietsausweisung 47(!) Tr\u00e4ger \u00f6ffentlicher Belange \u00e4u\u00dfern m\u00fcssen, wage ich auch zu bezweifeln.<\/p>\n\n\n\n<h2 class=\"wp-block-heading\">Wirtschaftliches Denken<\/h2>\n\n\n\n<p>ist bei mir naturgem\u00e4\u00df ganz tief verankert, als Selbstst\u00e4ndiger ist das zwangsl\u00e4ufig eine Kernkompetenz. Auch die Absch\u00e4tzung von Folgen einer Entscheidung geh\u00f6rt f\u00fcr mich zum Tagesgesch\u00e4ft. Viele Dinge m\u00fcssen vom Ende her gedacht werden, dazu muss man das \u00fcbergeordnete Ziel aber auch ausgemacht haben.<\/p>\n\n\n\n<h2 class=\"wp-block-heading\">Unsere Mitgliedsgemeinden<\/h2>\n\n\n\n<p>Ganz wichtig sind mir der Erhalt und die Arbeitsf\u00e4higkeit unserer Mitgliedsgemeinden. Sie sind die kleinste Einheit unserer Demokratie, in denen sehr viel ehrenamtliche Arbeit geleistet wird, die so nicht durch hauptamtliche Mitarbeiter ersetzt werden k\u00f6nnte. Der Samtgemeinde kommt hier die Aufgabe zu, bei Verwaltungsaufgaben zu unterst\u00fctzen und bestimmte Aufgaben zu koordinieren.<\/p>\n\n\n\n<h2 class=\"wp-block-heading\">St\u00e4rkung von Betreuungs- und Schulangeboten<\/h2>\n\n\n\n<p>Zu den Kernaufgaben der Samtgemeinde geh\u00f6ren die Tr\u00e4gerschaft der Grundschulen, Kinderg\u00e4rten und Krippen. Hier gilt f\u00fcr mich uneingeschr\u00e4nkt: \u201eKurze Wege f\u00fcr kurze Beine\u201c.<br>Ebenso m\u00fcssen wir fl\u00e4chendeckend eine Ganztagesbetreuung gew\u00e4hrleisten, um als Wohnstandort attraktiv zu sein.<\/p>\n\n\n\n<h2 class=\"wp-block-heading\">Ehren\u00e4mter unterst\u00fctzen<\/h2>\n\n\n\n<p>Der Einsatz der Feuerwehren kann gar nicht hoch genug bewertet werden, jeder der schon einmal in einer Notlage war, wird dies best\u00e4tigen. Wir muten den Feuerwehrleuten zu, f\u00fcr uns buchst\u00e4blich durchs Feuer zu gehen oder auch bei Unf\u00e4llen in psychisch herausfordernde Situationen zu kommen.<br>All dies ist in der Fl\u00e4che nur mit Freiwilligen zu leisten. Eine angemessene Ausstattung sind wir den Aktiven also mindestens schuldig, das Feuerschutzkonzept ist laufend anzupassen.<br>An dieser Stelle m\u00f6chte ich allen ehrenamtlich T\u00e4tigen, sei es in Vereinen, in den R\u00e4ten oder bei der Feuerwehr oder bei der Elternarbeit meinen Dank und meine Anerkennung aussprechen. Ohne dieses Engagement w\u00e4re unser Leben \u00e4rmer, vielen Dank daf\u00fcr!<\/p>\n\n\n\n<p><\/p>\n\n\n\n<p><\/p>\n\n\n\n<p><\/p>\n","protected":false},"excerpt":{"rendered":"<p>Der Posten des Samtgemeindeb\u00fcrgermeisters ist eine sehr herausfordernde Aufgabe, gesucht wird kein reiner Verwaltungsmitarbeiter. Man ist Chef der Verwaltung mit dem Hauptaugenmerk auf Mitarbeiterf\u00fchrung. Loyalit\u00e4t und wertsch\u00e4tzender Umgang mit Mitarbeitern und B\u00fcrgern ist dabei die Basis von allem. Daneben ist man aber auch Repr\u00e4sentant der Samtgemeinde und muss den Rat und die Bev\u00f6lkerung mitnehmen. Auch [&hellip;]<\/p>\n","protected":false},"author":3,"featured_media":106,"parent":0,"menu_order":0,"comment_status":"closed","ping_status":"closed","template":"","meta":{"footnotes":""},"categories":[],"class_list":["post-63","page","type-page","status-publish","has-post-thumbnail","hentry"],"_links":{"self":[{"href":"https:\/\/klaus-hinrich-singer.de\/index.php?rest_route=\/wp\/v2\/pages\/63","targetHints":{"allow":["GET"]}}],"collection":[{"href":"https:\/\/klaus-hinrich-singer.de\/index.php?rest_route=\/wp\/v2\/pages"}],"about":[{"href":"https:\/\/klaus-hinrich-singer.de\/index.php?rest_route=\/wp\/v2\/types\/page"}],"author":[{"embeddable":true,"href":"https:\/\/klaus-hinrich-singer.de\/index.php?rest_route=\/wp\/v2\/users\/3"}],"replies":[{"embeddable":true,"href":"https:\/\/klaus-hinrich-singer.de\/index.php?rest_route=%2Fwp%2Fv2%2Fcomments&post=63"}],"version-history":[{"count":8,"href":"https:\/\/klaus-hinrich-singer.de\/index.php?rest_route=\/wp\/v2\/pages\/63\/revisions"}],"predecessor-version":[{"id":102,"href":"https:\/\/klaus-hinrich-singer.de\/index.php?rest_route=\/wp\/v2\/pages\/63\/revisions\/102"}],"wp:featuredmedia":[{"embeddable":true,"href":"https:\/\/klaus-hinrich-singer.de\/index.php?rest_route=\/wp\/v2\/media\/106"}],"wp:attachment":[{"href":"https:\/\/klaus-hinrich-singer.de\/index.php?rest_route=%2Fwp%2Fv2%2Fmedia&parent=63"}],"wp:term":[{"taxonomy":"category","embeddable":true,"href":"https:\/\/klaus-hinrich-singer.de\/index.php?rest_route=%2Fwp%2Fv2%2Fcategories&post=63"}],"curies":[{"name":"wp","href":"https:\/\/api.w.org\/{rel}","templated":true}]}}